{"id":1943,"date":"2026-02-21T18:40:45","date_gmt":"2026-02-21T18:40:45","guid":{"rendered":"https:\/\/sonivision.es\/wordpress\/?page_id=1943"},"modified":"2026-04-09T17:24:34","modified_gmt":"2026-04-09T17:24:34","slug":"elementor-1943","status":"publish","type":"page","link":"https:\/\/sonivision.es\/index.php\/elementor-1943\/","title":{"rendered":"AVISO LEGAL Y PRIVACIDAD"},"content":{"rendered":"\t\t<div data-elementor-type=\"wp-page\" data-elementor-id=\"1943\" class=\"elementor elementor-1943\">\n\t\t\t\t<div class=\"elementor-element elementor-element-db9d4b4 e-flex e-con-boxed e-con e-parent\" data-id=\"db9d4b4\" data-element_type=\"container\" data-e-type=\"container\" data-settings=\"{&quot;background_background&quot;:&quot;classic&quot;}\">\n\t\t\t\t\t<div class=\"e-con-inner\">\n\t\t\t\t<div class=\"elementor-element elementor-element-a718485 elementor-widget elementor-widget-spacer\" data-id=\"a718485\" data-element_type=\"widget\" data-e-type=\"widget\" data-widget_type=\"spacer.default\">\n\t\t\t\t\t\t\t<div class=\"elementor-spacer\">\n\t\t\t<div class=\"elementor-spacer-inner\"><\/div>\n\t\t<\/div>\n\t\t\t\t\t\t<\/div>\n\t\t\t\t\t<\/div>\n\t\t\t\t<\/div>\n\t\t<div class=\"elementor-element elementor-element-d47e1ba e-flex e-con-boxed e-con e-parent\" data-id=\"d47e1ba\" data-element_type=\"container\" data-e-type=\"container\">\n\t\t\t\t\t<div class=\"e-con-inner\">\n\t\t\t\t<div class=\"elementor-element elementor-element-41f91b2 elementor-widget elementor-widget-heading\" data-id=\"41f91b2\" data-element_type=\"widget\" data-e-type=\"widget\" data-widget_type=\"heading.default\">\n\t\t\t\t\t<h2 class=\"elementor-heading-title elementor-size-default\">Informaci\u00f3n legal<\/h2>\t\t\t\t<\/div>\n\t\t\t\t<div class=\"elementor-element elementor-element-ffed9ed elementor-widget elementor-widget-text-editor\" data-id=\"ffed9ed\" data-element_type=\"widget\" data-e-type=\"widget\" data-widget_type=\"text-editor.default\">\n\t\t\t\t\t\t\t\t\t<h5>\u00a0<\/h5><h5 style=\"text-align: left;\"><span translate=\"no\">Las disposiciones contenidas en este sitio web se configuran como las normas reguladoras del<br \/>portal que Pascual Francisco Parres Galindo pone a disposici\u00f3n de los usuarios de Internet.<br \/><\/span><\/h5><h5 style=\"text-align: left;\"><span translate=\"no\">INDICE<br \/><\/span><\/h5><h5 style=\"text-align: left;\"><span translate=\"no\">AVISO LEGAL<br \/><\/span><\/h5><h5 style=\"text-align: left;\"><span translate=\"no\">\uf0b7 Informaci\u00f3n General.<br \/>\uf0b7 Acceso y seguridad.<br \/>\uf0b7 Responsabilidad.<br \/>\uf0b7 Propiedad Intelectual.<br \/><\/span><\/h5><h5 style=\"text-align: left;\"><span translate=\"no\">POL\u00cdTICA DE PRIVACIDAD<br \/><\/span><\/h5><h5 style=\"text-align: left;\"><span translate=\"no\">\uf0b7 Responsable.<br \/>\uf0b7 Finalidad.<br \/>\uf0b7 Legitimaci\u00f3n del tratamiento.<br \/>\uf0b7 Categor\u00edas de datos.<br \/>\uf0b7 Plazo de conservaci\u00f3n.<br \/>\uf0b7 Comunicaci\u00f3n de datos.<br \/>\uf0b7 Medidas de seguridad.<br \/>\uf0b7 Derechos del titular de los datos.<br \/>\uf0b7 Menores de edad.<br \/>CONTACTO Y AYUDA<br \/>\uf0b7 Contacto y ayuda.<br \/>AVISO LEGAL<br \/>-Informaci\u00f3n General.<br \/>En cumplimiento de lo dispuesto en la Ley 34\/2002 de Servicios de la Sociedad de la Informaci\u00f3n y<br \/>de Comercio Electr\u00f3nico, se informa a todos los usuarios de este sitio web que el nombre del<br \/>titular es Pascual Francisco Parres Galindo, CIF: 74170630T, con domicilio en Calle Larramendi,<br \/>N.15, C.P. 03160, Almorad\u00ed. Pascual Francisco Parres Galindo es una empresa dedicada a Servicios,<br \/>venta e instalaci\u00f3n de sonido. iluminaci\u00f3n y audiovisuales. Todos los derechos est\u00e1n reservados.<br \/>Cualquier cambio que se produzca en las condiciones legales de uso y privacidad de este sitio<br \/>web, ser\u00e1 puesto a su disposici\u00f3n en este Aviso Legal y Privacidad, por lo que se recomienda su<br \/>lectura de forma peri\u00f3dica a fin de estar debidamente informado de las novedades incluidas en el<br \/>mismo.<br \/>-Acceso y seguridad.<br \/>La presente p\u00e1gina web no est\u00e1 configurada para recoger informaci\u00f3n personal de ninguna<br \/>naturaleza mientras se navega por ella. Esto implica que, a menos que usted nos proporcione<br \/>informaci\u00f3n personal de manera voluntaria y expl\u00edcita, nunca sabremos su nombre, direcci\u00f3n de<br \/>correo electr\u00f3nico, as\u00ed como cualquier otra informaci\u00f3n que le pueda identificar. Cuando<br \/>precisemos obtener informaci\u00f3n por su parte, siempre le solicitaremos que nos la proporcione<br \/>voluntariamente de forma expresa.<br \/>Este sitio web puede utilizar Cookies, (peque\u00f1as piezas de informaci\u00f3n que se almacenan en el<br \/>navegador de su ordenador, tableta o Smartphone, cuando visita una p\u00e1gina web), para facilitar y<br \/>personalizar la navegaci\u00f3n por las diferentes p\u00e1ginas web. Puede ver toda la informaci\u00f3n<br \/>relacionada con este tema entrando en Pol\u00edtica de Cookies.<br \/>Responsabilidad.<br \/>Pascual Francisco Parres Galindo, no se responsabilizar\u00e1 en casos de interrupci\u00f3n del servicio, mal<br \/>funcionamiento o cualquier inconveniente que se pudiera producir en esta p\u00e1gina web por causas<br \/>ajenas a la propia empresa.<br \/>Pascual Francisco Parres Galindo se excluye de cualquier responsabilidad por da\u00f1os o perjuicios<br \/>derivados de presencia de virus o cualquier tipo de incidente originado o introducido en el sistema<br \/>inform\u00e1tico por intermedio de terceros que accedan de manera dolosa a la integridad del presente<br \/>sitio web.<br \/>-Propiedad Intelectual.<br \/>Los textos, im\u00e1genes y el resto de contenidos de esta p\u00e1gina web son propiedad de Pascual<br \/>Francisco Parres Galindo o de terceros que han licenciado o autorizado a Pascual Francisco Parres<br \/>Galindo para su uso. Todos los logotipos, marcas y dise\u00f1os que aparecen en esta p\u00e1gina web<br \/>forman parte de los derechos de propiedad intelectual registrados por Pascual Francisco Parres<br \/>Galindo quedando prohibida cualquier modalidad de explotaci\u00f3n, es decir, la reproducci\u00f3n,<br \/>distribuci\u00f3n, comunicaci\u00f3n p\u00fablica y transformaci\u00f3n sin la autorizaci\u00f3n expresa de Pascual<br \/>Francisco Parres Galindo. Se proh\u00edbe la divulgaci\u00f3n, utilizaci\u00f3n, transmisi\u00f3n, distribuci\u00f3n,<br \/>reproducci\u00f3n y transformaci\u00f3n, total o parcial en cualquier soporte o medio, de los contenidos de<br \/>esta p\u00e1gina web sin el previo y expreso consentimiento de Pascual Francisco Parres Galindo salvo<br \/>que se indique lo contrario o su uso sea a t\u00edtulo personal y no vulnere los derechos reconocidos a<br \/>Pascual Francisco Parres Galindo por la legislaci\u00f3n vigente.<br \/>POL\u00cdTICA DE PRIVACIDAD<br \/>-Responsable.<br \/>A efecto de lo previsto en el Reglamento General de Protecci\u00f3n de Datos UE 2016\/679, en<br \/>adelante RGPD, la Ley Org\u00e1nica 3\/2018 de Protecci\u00f3n de Datos Personales y garant\u00eda de derechos<br \/>digitales, en adelante LOPD-GDD, y sus normas de desarrollo, Pascual Francisco Parres Galindo<br \/>informa que los datos de car\u00e1cter personal recabados a trav\u00e9s del formulario de contacto,<br \/>registro de usuarios, o cualquier otro apartado de esta p\u00e1gina, ser\u00e1n incluidos en un fichero cuyo<br \/>responsable es Pascual Francisco Parres Galindo, CIF: 74170630T, con domicilio en Calle<br \/>Larramendi, N.15, C.P. 03160 &#8211; Almorad\u00ed.<br \/>-Finalidad.<br \/>La finalidad de esta recogida de datos de car\u00e1cter personal es \u201cla recopilaci\u00f3n de datos de<br \/>contacto para dar cumplimiento tanto al env\u00edo de la informaci\u00f3n solicitada, como a los<br \/>servicios, gestiones y obligaciones que pudieran derivarse de una relaci\u00f3n comercial solicitada<br \/>por el titular de los datos\u201d.<br \/>-Legitimaci\u00f3n del tratamiento.<br \/>Mediante el env\u00edo de los formularios existentes en esta p\u00e1gina web, el env\u00edo de un mensaje de<br \/>correo electr\u00f3nico, o las solicitudes de informaci\u00f3n recibidas desde los enlaces a nuestras redes<br \/>sociales, el remitente presta su consentimiento al tratamiento automatizado de los datos incluidos<br \/>en los mismos, siendo este consentimiento la base leg\u00edtima en la que se sustenta el tratamiento de<br \/>sus datos personales.<br \/>En el caso de que usted nos solicite la compra o prestaci\u00f3n de algunos de nuestros productos y<br \/>servicios, la base leg\u00edtima para el tratamiento de los datos que nos proporcione ser\u00e1 la<br \/>formalizaci\u00f3n de un contrato de compra o prestaci\u00f3n de servicios, y el cumplimiento con la<br \/>normativa legal en procesos de contabilidad, facturaci\u00f3n, cobros y pagos.<br \/>-Categor\u00edas de datos.<br \/>Los datos recogidos son los estrictamente necesarios para la correcta identificaci\u00f3n del remitente,<br \/>tales como nombre o raz\u00f3n social, direcci\u00f3n, correo electr\u00f3nico, tel\u00e9fono, persona de contacto,<br \/>direcci\u00f3n IP desde donde accede al registro o formulario, as\u00ed como los datos m\u00ednimos necesarios<br \/>para llevar a cabo las gestiones o servicios solicitados. Los campos marcados con asterisco son de<br \/>obligada cumplimentaci\u00f3n, por lo que en caso de no ser cumplimentados no podremos atender<br \/>sus solicitudes.<br \/>-Plazos de conservaci\u00f3n.<br \/>Los datos recabados se conservar\u00e1n mientras dure la relaci\u00f3n comercial entre el interesado y el<br \/>responsable. El plazo de conservaci\u00f3n podr\u00e1 ser ampliado en base a las obligaciones legales que<br \/>pudieran derivares de dicha relaci\u00f3n comercial.<br \/>-Comunicaci\u00f3n de datos.<br \/>Le informamos que sus datos nunca ser\u00e1n suministrados a terceros bajo ning\u00fan concepto, salvo en<br \/>los casos que dicha cesi\u00f3n o comunicaci\u00f3n sea imprescindible para prestarle los servicios<br \/>solicitados, como es el caso, entre otros, de proveedores de servicios, gestor\u00edas, asesor\u00edas,<br \/>entidades financieras, aseguradoras, de gesti\u00f3n de cobros, administraciones p\u00fablicas<br \/>competentes, o por los supuestos legalmente establecidos.<br \/>-Medidas de seguridad.<br \/>Pascual Francisco Parres Galindo le informa que se han adoptado las medidas de seguridad<br \/>t\u00e9cnicas y organizativas necesarias para garantizar la confidencialidad, integridad y disponibilidad<br \/>de sus datos personales, dando cumplimiento a lo dispuesto en el RGPD y la LOPD-GDD.<br \/>Derechos del titular de los datos.<br \/>En cualquier momento usted podr\u00e1 ejercitar sus derechos de acceso, rectificaci\u00f3n, supresi\u00f3n,<br \/>limitaci\u00f3n, portabilidad, oposici\u00f3n, y a no ser objeto de decisiones automatizadas, solicit\u00e1ndolo<br \/>por correo postal a Pascual Francisco Parres Galindo, Calle Larramendi, N.15, C.P. 03160 &#8211;<br \/>Almorad\u00ed. o bien a la direcci\u00f3n de correo electr\u00f3nicosonivision@sonivision.com.<br \/>Estos derechos ser\u00e1n ejercidos por el interesado, sin otras limitaciones que las que prevea la<br \/>legislaci\u00f3n aplicable. Podr\u00e1, no obstante, actuar el representante legal del usuario interesado<br \/>cuando \u00e9ste se encuentre en situaci\u00f3n de incapacidad o minor\u00eda de edad que le imposibilite el<br \/>ejercicio personal de los mismos.<br \/>Las solicitudes ser\u00e1n atendidas dentro de los treinta d\u00edas siguientes a su recepci\u00f3n. En el supuesto<br \/>de que el Responsable del Fichero considere que no procede acceder a lo solicitado por el<br \/>afectado, se lo comunicar\u00e1 motivadamente dentro del mismo plazo se\u00f1alado.<br \/>En los casos en que, siendo procedente la supresi\u00f3n de los datos, no sea posible su extinci\u00f3n f\u00edsica,<br \/>tanto por razones t\u00e9cnicas como por causa del soporte inform\u00e1tico utilizado, Pascual Francisco<br \/>Parres Galindo proceder\u00e1 al bloqueo de los datos, con el fin de impedir su utilizaci\u00f3n, hasta su<br \/>completa eliminaci\u00f3n de los sistemas de informaci\u00f3n.<br \/>Usted tiene derecho a retirar el consentimiento prestado para el tratamiento de sus datos en<br \/>cualquier momento. Para ejercitar este derecho bastar\u00e1 con que nos env\u00ede un correo electr\u00f3nico a<br \/>sonivision@sonivision.com, indicando en el asunto &amp;quot;Deseo retirar el consentimiento prestado<br \/>para el tratamiento de mis datos&amp;quot;.<br \/>As\u00ed mismo usted tambi\u00e9n tiene derecho a presentar una reclamaci\u00f3n ante la autoridad de control<br \/>competente, que en el caso de Espa\u00f1a es la Agencia Espa\u00f1ola de Protecci\u00f3n de Datos, si viese<br \/>vulnerados sus derechos leg\u00edtimos.<br \/>-Menores de edad.<br \/>Los productos y servicios incluidos en esta web est\u00e1n dirigidos a personas mayores de 14 a\u00f1os. Si<br \/>una persona menor de la edad mencionada desea registrarse o solicitar informaci\u00f3n, deber\u00e1 ser<br \/>siempre mediante el consentimiento expreso de sus padres o tutores legales, los cuales deber\u00e1n<br \/>contactar directamente con Pascual Francisco Parres Galindo por cualquiera de los medios puestos<br \/>a su disposici\u00f3n, como formularios de contacto, tel\u00e9fono, o correo electr\u00f3nico, para garantizar<br \/>mediante prueba fehaciente de la patria potestad, que consienten el tratamiento de datos del<br \/>menor interesado.<br \/>CONTACTO Y AYUDA<br \/>-Contacto y ayuda.<br \/>Si necesita alguna aclaraci\u00f3n respecto al Aviso Legal, Pol\u00edtica de Privacidad, o cualquier otra<br \/>informaci\u00f3n expuesta en esta p\u00e1gina, o informaci\u00f3n adicional sobre nuestra empresa, puede<br \/>solicitarlo a trav\u00e9s de la direcci\u00f3n de correo electr\u00f3nicosonivision@sonivision.com<br \/>Tambi\u00e9n podr\u00e1 contactarnos a trav\u00e9s de nuestro tel\u00e9fono de atenci\u00f3n al cliente 966576897<\/span><\/h5>\t\t\t\t\t\t\t\t<\/div>\n\t\t\t\t\t<\/div>\n\t\t\t\t<\/div>\n\t\t\t\t<\/div>\n\t\t","protected":false},"excerpt":{"rendered":"<p>Informaci\u00f3n legal \u00a0 Las disposiciones contenidas en este sitio web se configuran como las normas reguladoras delportal que Pascual Francisco Parres Galindo pone a disposici\u00f3n de los usuarios de Internet. INDICE AVISO LEGAL \uf0b7 Informaci\u00f3n General.\uf0b7 Acceso y seguridad.\uf0b7 Responsabilidad.\uf0b7 Propiedad Intelectual. POL\u00cdTICA DE PRIVACIDAD \uf0b7 Responsable.\uf0b7 Finalidad.\uf0b7 Legitimaci\u00f3n del tratamiento.\uf0b7 Categor\u00edas de datos.\uf0b7 Plazo&#8230;<\/p>\n","protected":false},"author":1,"featured_media":0,"parent":0,"menu_order":0,"comment_status":"closed","ping_status":"closed","template":"","meta":{"_eb_attr":"","_kadence_starter_templates_imported_post":false,"_kad_post_transparent":"default","_kad_post_title":"hide","_kad_post_layout":"default","_kad_post_sidebar_id":"","_kad_post_content_style":"default","_kad_post_vertical_padding":"default","_kad_post_feature":"default","_kad_post_feature_position":"","_kad_post_header":false,"_kad_post_footer":false,"_kad_post_classname":"","footnotes":""},"class_list":["post-1943","page","type-page","status-publish","hentry"],"_links":{"self":[{"href":"https:\/\/sonivision.es\/index.php\/wp-json\/wp\/v2\/pages\/1943","targetHints":{"allow":["GET"]}}],"collection":[{"href":"https:\/\/sonivision.es\/index.php\/wp-json\/wp\/v2\/pages"}],"about":[{"href":"https:\/\/sonivision.es\/index.php\/wp-json\/wp\/v2\/types\/page"}],"author":[{"embeddable":true,"href":"https:\/\/sonivision.es\/index.php\/wp-json\/wp\/v2\/users\/1"}],"replies":[{"embeddable":true,"href":"https:\/\/sonivision.es\/index.php\/wp-json\/wp\/v2\/comments?post=1943"}],"version-history":[{"count":16,"href":"https:\/\/sonivision.es\/index.php\/wp-json\/wp\/v2\/pages\/1943\/revisions"}],"predecessor-version":[{"id":2440,"href":"https:\/\/sonivision.es\/index.php\/wp-json\/wp\/v2\/pages\/1943\/revisions\/2440"}],"wp:attachment":[{"href":"https:\/\/sonivision.es\/index.php\/wp-json\/wp\/v2\/media?parent=1943"}],"curies":[{"name":"wp","href":"https:\/\/api.w.org\/{rel}","templated":true}]}}